{"id":222,"date":"2023-06-15T11:28:06","date_gmt":"2023-06-15T09:28:06","guid":{"rendered":"http:\/\/ifas-academique-lyon.fr\/?page_id=222"},"modified":"2023-11-07T12:01:47","modified_gmt":"2023-11-07T11:01:47","slug":"metier","status":"publish","type":"page","link":"http:\/\/ifas-academique-lyon.fr\/index.php\/metier\/","title":{"rendered":"Le m\u00e9tier d&rsquo;aide soignant"},"content":{"rendered":"<p>[et_pb_section fb_built=\u00a0\u00bb1&Prime; make_equal=\u00a0\u00bbon\u00a0\u00bb use_custom_gutter=\u00a0\u00bbon\u00a0\u00bb gutter_width=\u00a0\u00bb2&Prime; specialty=\u00a0\u00bbon\u00a0\u00bb bg_img_1=\u00a0\u00bbhttp:\/\/ifas-academique-lyon.fr\/wp-content\/uploads\/2023\/07\/AdobeStock_606491778.jpeg\u00a0\u00bb padding_top_2=\u00a0\u00bb100px\u00a0\u00bb padding_right_2=\u00a0\u00bb40px\u00a0\u00bb padding_bottom_2=\u00a0\u00bb100px\u00a0\u00bb padding_left_2=\u00a0\u00bb40px\u00a0\u00bb _builder_version=\u00a0\u00bb4.21.0&Prime; inner_width=\u00a0\u00bb100%\u00a0\u00bb inner_max_width=\u00a0\u00bb100%\u00a0\u00bb custom_margin=\u00a0\u00bb|||\u00a0\u00bb custom_padding=\u00a0\u00bb0px|0px|0px|0px\u00a0\u00bb custom_css_main_element=\u00a0\u00bbmargin-left: 0 !important;\u00a0\u00bb use_custom_width=\u00a0\u00bbon\u00a0\u00bb width_unit=\u00a0\u00bboff\u00a0\u00bb custom_width_percent=\u00a0\u00bb100%\u00a0\u00bb global_colors_info=\u00a0\u00bb{}\u00a0\u00bb][et_pb_column type=\u00a0\u00bb1_2&Prime; _builder_version=\u00a0\u00bb4.16&Prime; custom_padding=\u00a0\u00bb|||\u00a0\u00bb global_colors_info=\u00a0\u00bb{}\u00a0\u00bb custom_padding__hover=\u00a0\u00bb|||\u00a0\u00bb][et_pb_image src=\u00a0\u00bbhttp:\/\/ifas-academique-lyon.fr\/wp-content\/uploads\/2023\/07\/AdobeStock_606491778.jpeg\u00a0\u00bb title_text=\u00a0\u00bbHospital, doctor and portrait of man on tablet for medical analysis, research and report in meeting. Healthcare, clinic and male nurse on digital tech for wellness app, online consulting and service\u00a0\u00bb _builder_version=\u00a0\u00bb4.21.0&Prime; _module_preset=\u00a0\u00bbdefault\u00a0\u00bb global_colors_info=\u00a0\u00bb{}\u00a0\u00bb][\/et_pb_image][\/et_pb_column][et_pb_column type=\u00a0\u00bb1_2&Prime; specialty_columns=\u00a0\u00bb2&Prime; _builder_version=\u00a0\u00bb4.16&Prime; custom_padding=\u00a0\u00bb|||\u00a0\u00bb global_colors_info=\u00a0\u00bb{}\u00a0\u00bb custom_padding__hover=\u00a0\u00bb|||\u00a0\u00bb][et_pb_row_inner _builder_version=\u00a0\u00bb4.16&Prime; max_width=\u00a0\u00bb800px\u00a0\u00bb custom_padding=\u00a0\u00bb30px|0px|30px|0px\u00a0\u00bb animation_style=\u00a0\u00bbslide\u00a0\u00bb animation_direction=\u00a0\u00bbbottom\u00a0\u00bb animation_intensity_slide=\u00a0\u00bb10%\u00a0\u00bb global_colors_info=\u00a0\u00bb{}\u00a0\u00bb][et_pb_column_inner saved_specialty_column_type=\u00a0\u00bb1_2&Prime; _builder_version=\u00a0\u00bb4.16&Prime; custom_padding=\u00a0\u00bb|||\u00a0\u00bb global_colors_info=\u00a0\u00bb{}\u00a0\u00bb custom_padding__hover=\u00a0\u00bb|||\u00a0\u00bb][et_pb_text _builder_version=\u00a0\u00bb4.16&Prime; text_font=\u00a0\u00bb||||||||\u00a0\u00bb header_font=\u00a0\u00bbPoppins|600|||||||\u00a0\u00bb header_text_align=\u00a0\u00bbcenter\u00a0\u00bb header_font_size=\u00a0\u00bb56px\u00a0\u00bb global_colors_info=\u00a0\u00bb{}\u00a0\u00bb]<\/p>\n<h1>Le m\u00e9tier d&rsquo;aide-soignant<\/h1>\n<p>[\/et_pb_text][et_pb_divider color=\u00a0\u00bb#f7d584&Prime; divider_weight=\u00a0\u00bb3px\u00a0\u00bb disabled_on=\u00a0\u00bbon|on|off\u00a0\u00bb _builder_version=\u00a0\u00bb4.16&Prime; max_width=\u00a0\u00bb80px\u00a0\u00bb module_alignment=\u00a0\u00bbcenter\u00a0\u00bb height=\u00a0\u00bb10px\u00a0\u00bb custom_margin=\u00a0\u00bb||20px|\u00a0\u00bb animation_style=\u00a0\u00bbslide\u00a0\u00bb animation_direction=\u00a0\u00bbbottom\u00a0\u00bb saved_tabs=\u00a0\u00bball\u00a0\u00bb locked=\u00a0\u00bboff\u00a0\u00bb global_colors_info=\u00a0\u00bb{}\u00a0\u00bb][\/et_pb_divider][\/et_pb_column_inner][\/et_pb_row_inner][et_pb_row_inner _builder_version=\u00a0\u00bb4.21.0&Prime; max_width=\u00a0\u00bb800px\u00a0\u00bb min_height=\u00a0\u00bb46.4px\u00a0\u00bb custom_padding=\u00a0\u00bb40px|0px|30px|0px|false|false\u00a0\u00bb animation_style=\u00a0\u00bbslide\u00a0\u00bb animation_direction=\u00a0\u00bbbottom\u00a0\u00bb animation_intensity_slide=\u00a0\u00bb10%\u00a0\u00bb global_colors_info=\u00a0\u00bb{}\u00a0\u00bb][et_pb_column_inner saved_specialty_column_type=\u00a0\u00bb1_2&Prime; _builder_version=\u00a0\u00bb4.16&Prime; custom_padding=\u00a0\u00bb|||\u00a0\u00bb global_colors_info=\u00a0\u00bb{}\u00a0\u00bb custom_padding__hover=\u00a0\u00bb|||\u00a0\u00bb][et_pb_text _builder_version=\u00a0\u00bb4.21.0&Prime; text_font=\u00a0\u00bbPoppins|600|||||||\u00a0\u00bb text_text_color=\u00a0\u00bbrgba(0,0,0,0.6)\u00a0\u00bb text_font_size=\u00a0\u00bb16px\u00a0\u00bb text_line_height=\u00a0\u00bb1.9em\u00a0\u00bb header_font=\u00a0\u00bb||||||||\u00a0\u00bb header_2_font=\u00a0\u00bb||||||||\u00a0\u00bb module_alignment=\u00a0\u00bbcenter\u00a0\u00bb min_height=\u00a0\u00bb350.4px\u00a0\u00bb custom_margin=\u00a0\u00bb|||\u00a0\u00bb locked=\u00a0\u00bboff\u00a0\u00bb global_colors_info=\u00a0\u00bb{}\u00a0\u00bb]<\/p>\n<p>\u00ab L\u2019aide-soignant exerce sous la responsabilit\u00e9 de l\u2019infirmier dipl\u00f4m\u00e9 d\u2019Etat dans le cadre de l\u2019article R. 4311-4 du code de la sant\u00e9 publique. L\u2019aide-soignant accompagne et r\u00e9alise des soins essentiels de la vie quotidienne, adapt\u00e9s \u00e0 l\u2019\u00e9volution de l\u2019\u00e9tat clinique et visant \u00e0 identifier les situations \u00e0 risque. Son r\u00f4le s\u2019inscrit dans une approche globale de la personne et prend en compte la dimension relationnelle des soins ainsi que la communication avec les autres professionnels, les apprenants et les aidants. L\u2019aide-soignant travaille au sein d\u2019une \u00e9quipe pluridisciplinaire intervenant dans les services de soins ou r\u00e9seaux de soins des structures sanitaires, m\u00e9dico-sociales ou sociales notamment dans le cadre d\u2019hospitalisation ou d\u2019h\u00e9bergement continus ou discontinus en structure ou \u00e0 domicile. \u00bb<\/p>\n<p>[\/et_pb_text][\/et_pb_column_inner][\/et_pb_row_inner][et_pb_row_inner column_structure=\u00a0\u00bb1_2,1_2&Prime; _builder_version=\u00a0\u00bb4.16&Prime; max_width=\u00a0\u00bb800px\u00a0\u00bb custom_padding=\u00a0\u00bb30px||30px|\u00a0\u00bb global_colors_info=\u00a0\u00bb{}\u00a0\u00bb][et_pb_column_inner type=\u00a0\u00bb1_2&Prime; saved_specialty_column_type=\u00a0\u00bb1_2&Prime; _builder_version=\u00a0\u00bb4.16&Prime; custom_padding=\u00a0\u00bb|||\u00a0\u00bb global_colors_info=\u00a0\u00bb{}\u00a0\u00bb custom_padding__hover=\u00a0\u00bb|||\u00a0\u00bb][et_pb_text _builder_version=\u00a0\u00bb4.21.0&Prime; text_font=\u00a0\u00bbPoppins||||||||\u00a0\u00bb text_text_color=\u00a0\u00bbrgba(0,0,0,0.4)\u00a0\u00bb text_line_height=\u00a0\u00bb1.9em\u00a0\u00bb header_font=\u00a0\u00bb||||||||\u00a0\u00bb header_2_font=\u00a0\u00bb||||||||\u00a0\u00bb module_alignment=\u00a0\u00bbcenter\u00a0\u00bb custom_margin=\u00a0\u00bb|||\u00a0\u00bb locked=\u00a0\u00bboff\u00a0\u00bb global_colors_info=\u00a0\u00bb{}\u00a0\u00bb]<\/p>\n<h5>Ses missions<\/h5>\n<ul>\n<li>Accompagner la personne dans les activit\u00e9s de sa vie quotidienne et sociale dans le respect de son projet de vie<\/li>\n<li>Collaborer au projet de soins personnalis\u00e9 dans son champ de comp\u00e9tences<\/li>\n<li>Contribuer \u00e0 la pr\u00e9vention des risques et au raisonnement clinique interprofessionnel<\/li>\n<\/ul>\n<h5>Poursuite d\u2019\u00e9tudes<\/h5>\n<p>Suite \u00e0 sa formation, l\u2019aide-soignant(e) peut devenir Infirmier Dipl\u00f4m\u00e9 d\u2019\u00c9tat, Assistant(e) de soins en G\u00e9rontologie, Agent de st\u00e9rilisation<\/p>\n<p><span>\u00a0<\/span><\/p>\n<p>[\/et_pb_text][\/et_pb_column_inner][et_pb_column_inner type=\u00a0\u00bb1_2&Prime; saved_specialty_column_type=\u00a0\u00bb1_2&Prime; _builder_version=\u00a0\u00bb4.16&Prime; custom_padding=\u00a0\u00bb|||\u00a0\u00bb global_colors_info=\u00a0\u00bb{}\u00a0\u00bb custom_padding__hover=\u00a0\u00bb|||\u00a0\u00bb][et_pb_text _builder_version=\u00a0\u00bb4.21.0&Prime; text_font=\u00a0\u00bbPoppins||||||||\u00a0\u00bb text_text_color=\u00a0\u00bbrgba(0,0,0,0.4)\u00a0\u00bb text_line_height=\u00a0\u00bb1.9em\u00a0\u00bb header_font=\u00a0\u00bb||||||||\u00a0\u00bb header_2_font=\u00a0\u00bb||||||||\u00a0\u00bb module_alignment=\u00a0\u00bbcenter\u00a0\u00bb custom_margin=\u00a0\u00bb|||\u00a0\u00bb locked=\u00a0\u00bboff\u00a0\u00bb global_colors_info=\u00a0\u00bb{}\u00a0\u00bb]<\/p>\n<h5>Secteurs d&rsquo;activit\u00e9<\/h5>\n<p>L\u2019Aide-Soignant(e) peut travailler dans le secteur sanitaire, (H\u00f4pitaux, cliniques) dans le secteur m\u00e9dico-social (\u00c9tablissements d\u2019H\u00e9bergement pour Personnes \u00e2g\u00e9es D\u00e9pendantes, Maisons d\u2019accueil sp\u00e9cialis\u00e9e, Foyer d\u2019Accueil M\u00e9dicalis\u00e9, Services de Soins \u00e0 Domicile)<\/p>\n<p>Il peut intervenir dans tous les secteurs de soins et d\u2019accompagnement de la personne.<\/p>\n<p>&nbsp;<\/p>\n<p>[\/et_pb_text][\/et_pb_column_inner][\/et_pb_row_inner][et_pb_row_inner _builder_version=\u00a0\u00bb4.16&Prime; max_width=\u00a0\u00bb800px\u00a0\u00bb custom_padding=\u00a0\u00bb30px|0px|30px|0px\u00a0\u00bb animation_style=\u00a0\u00bbslide\u00a0\u00bb animation_direction=\u00a0\u00bbbottom\u00a0\u00bb animation_intensity_slide=\u00a0\u00bb10%\u00a0\u00bb global_colors_info=\u00a0\u00bb{}\u00a0\u00bb][et_pb_column_inner saved_specialty_column_type=\u00a0\u00bb1_2&Prime; _builder_version=\u00a0\u00bb4.16&Prime; custom_padding=\u00a0\u00bb|||\u00a0\u00bb global_colors_info=\u00a0\u00bb{}\u00a0\u00bb custom_padding__hover=\u00a0\u00bb|||\u00a0\u00bb][et_pb_text _builder_version=\u00a0\u00bb4.21.0&Prime; text_font=\u00a0\u00bbPoppins|600|||||||\u00a0\u00bb text_text_color=\u00a0\u00bbrgba(0,0,0,0.6)\u00a0\u00bb text_font_size=\u00a0\u00bb16px\u00a0\u00bb text_line_height=\u00a0\u00bb1.9em\u00a0\u00bb header_font=\u00a0\u00bb||||||||\u00a0\u00bb header_2_font=\u00a0\u00bbPlayfair Display||on||||||\u00a0\u00bb header_2_text_align=\u00a0\u00bbcenter\u00a0\u00bb header_2_font_size=\u00a0\u00bb60px\u00a0\u00bb header_2_line_height=\u00a0\u00bb1.5em\u00a0\u00bb max_width=\u00a0\u00bb600px\u00a0\u00bb module_alignment=\u00a0\u00bbcenter\u00a0\u00bb custom_margin=\u00a0\u00bb|||\u00a0\u00bb animation_style=\u00a0\u00bbflip\u00a0\u00bb animation_direction=\u00a0\u00bbright\u00a0\u00bb locked=\u00a0\u00bboff\u00a0\u00bb global_colors_info=\u00a0\u00bb{}\u00a0\u00bb]<\/p>\n<h1 style=\"text-align: center;\"><span style=\"color: #008080;\">Qualit\u00e9s requises<\/span><\/h1>\n<p style=\"text-align: center;\">\n<p style=\"text-align: center;\">Empathie, sens de l\u2019\u00e9coute,<\/p>\n<p style=\"text-align: center;\">autonomie, sens de l\u2019organisation,<\/p>\n<p style=\"text-align: center;\">app\u00e9tence relationnelle<\/p>\n<h2><\/h2>\n<p>[\/et_pb_text][\/et_pb_column_inner][\/et_pb_row_inner][\/et_pb_column][\/et_pb_section][et_pb_section fb_built=\u00a0\u00bb1&Prime; admin_label=\u00a0\u00bbHero Section\u00a0\u00bb _builder_version=\u00a0\u00bb4.21.0&Prime; background_color=\u00a0\u00bb#0f899d\u00a0\u00bb custom_padding=\u00a0\u00bb80px|0px||0px\u00a0\u00bb animation_style=\u00a0\u00bbslide\u00a0\u00bb animation_direction=\u00a0\u00bbtop\u00a0\u00bb animation_intensity_slide=\u00a0\u00bb2%\u00a0\u00bb animation_starting_opacity=\u00a0\u00bb100%\u00a0\u00bb locked=\u00a0\u00bboff\u00a0\u00bb global_colors_info=\u00a0\u00bb{}\u00a0\u00bb][et_pb_row _builder_version=\u00a0\u00bb4.16&Prime; background_size=\u00a0\u00bbinitial\u00a0\u00bb background_position=\u00a0\u00bbtop_left\u00a0\u00bb background_repeat=\u00a0\u00bbrepeat\u00a0\u00bb custom_padding=\u00a0\u00bb|||\u00a0\u00bb custom_width_px=\u00a0\u00bb1440px\u00a0\u00bb global_colors_info=\u00a0\u00bb{}\u00a0\u00bb][et_pb_column type=\u00a0\u00bb4_4&Prime; _builder_version=\u00a0\u00bb4.16&Prime; custom_padding=\u00a0\u00bb|||\u00a0\u00bb global_colors_info=\u00a0\u00bb{}\u00a0\u00bb custom_padding__hover=\u00a0\u00bb|||\u00a0\u00bb][et_pb_button button_url=\u00a0\u00bbhttp:\/\/ifas-academique-lyon.fr\/index.php\/formation-2\/\u00a0\u00bb button_text=\u00a0\u00bbD\u00e9couvrez la formation aide-soignant de l&rsquo;IFAS acad\u00e9mique\u00a0\u00bb button_alignment=\u00a0\u00bbcenter\u00a0\u00bb _builder_version=\u00a0\u00bb4.21.0&Prime; _module_preset=\u00a0\u00bbdefault\u00a0\u00bb background_layout=\u00a0\u00bbdark\u00a0\u00bb animation_style=\u00a0\u00bbzoom\u00a0\u00bb hover_enabled=\u00a0\u00bb0&Prime; global_colors_info=\u00a0\u00bb{}\u00a0\u00bb sticky_enabled=\u00a0\u00bb0&Prime;][\/et_pb_button][et_pb_button button_url=\u00a0\u00bbhttp:\/\/ifas-academique-lyon.fr\/index.php\/formation-2\/\u00a0\u00bb button_text=\u00a0\u00bbD\u00e9couvrez la formation en apprentissage\u00a0\u00bb button_alignment=\u00a0\u00bbcenter\u00a0\u00bb _builder_version=\u00a0\u00bb4.21.0&Prime; _module_preset=\u00a0\u00bbdefault\u00a0\u00bb background_layout=\u00a0\u00bbdark\u00a0\u00bb animation_style=\u00a0\u00bbzoom\u00a0\u00bb hover_enabled=\u00a0\u00bb0&Prime; global_colors_info=\u00a0\u00bb{}\u00a0\u00bb sticky_enabled=\u00a0\u00bb0&Prime;][\/et_pb_button][\/et_pb_column][\/et_pb_row][\/et_pb_section][et_pb_section fb_built=\u00a0\u00bb1&Prime; _builder_version=\u00a0\u00bb4.21.0&Prime; _module_preset=\u00a0\u00bbdefault\u00a0\u00bb global_colors_info=\u00a0\u00bb{}\u00a0\u00bb][\/et_pb_section]<\/p>\n","protected":false},"excerpt":{"rendered":"<p>Le m\u00e9tier d&rsquo;aide-soignant\u00ab L\u2019aide-soignant exerce sous la responsabilit\u00e9 de l\u2019infirmier dipl\u00f4m\u00e9 d\u2019Etat dans le cadre de l\u2019article R. 4311-4 du code de la sant\u00e9 publique. L\u2019aide-soignant accompagne et r\u00e9alise des soins essentiels de la vie quotidienne, adapt\u00e9s \u00e0 l\u2019\u00e9volution de l\u2019\u00e9tat clinique et visant \u00e0 identifier les situations \u00e0 risque. Son r\u00f4le s\u2019inscrit dans une [&hellip;]<\/p>\n","protected":false},"author":2,"featured_media":0,"parent":0,"menu_order":0,"comment_status":"closed","ping_status":"closed","template":"","meta":{"_et_pb_use_builder":"on","_et_pb_old_content":"","_et_gb_content_width":"","footnotes":""},"class_list":["post-222","page","type-page","status-publish","hentry"],"yoast_head":"<!-- This site is optimized with the Yoast SEO plugin v21.3 - https:\/\/yoast.com\/wordpress\/plugins\/seo\/ -->\n<title>Le m\u00e9tier d&#039;aide soignant - IFAS<\/title>\n<meta name=\"robots\" content=\"index, follow, max-snippet:-1, max-image-preview:large, max-video-preview:-1\" \/>\n<link rel=\"canonical\" href=\"http:\/\/ifas-academique-lyon.fr\/index.php\/metier\/\" \/>\n<meta property=\"og:locale\" content=\"fr_FR\" \/>\n<meta property=\"og:type\" content=\"article\" \/>\n<meta property=\"og:title\" content=\"Le m\u00e9tier d&#039;aide soignant - IFAS\" \/>\n<meta property=\"og:description\" content=\"Le m\u00e9tier d&#039;aide-soignant\u00ab L\u2019aide-soignant exerce sous la responsabilit\u00e9 de l\u2019infirmier dipl\u00f4m\u00e9 d\u2019Etat dans le cadre de l\u2019article R. 4311-4 du code de la sant\u00e9 publique. L\u2019aide-soignant accompagne et r\u00e9alise des soins essentiels de la vie quotidienne, adapt\u00e9s \u00e0 l\u2019\u00e9volution de l\u2019\u00e9tat clinique et visant \u00e0 identifier les situations \u00e0 risque. Son r\u00f4le s\u2019inscrit dans une [&hellip;]\" \/>\n<meta property=\"og:url\" content=\"http:\/\/ifas-academique-lyon.fr\/index.php\/metier\/\" \/>\n<meta property=\"og:site_name\" content=\"IFAS\" \/>\n<meta property=\"article:modified_time\" content=\"2023-11-07T11:01:47+00:00\" \/>\n<meta name=\"twitter:card\" content=\"summary_large_image\" \/>\n<script type=\"application\/ld+json\" class=\"yoast-schema-graph\">{\"@context\":\"https:\/\/schema.org\",\"@graph\":[{\"@type\":\"WebPage\",\"@id\":\"http:\/\/ifas-academique-lyon.fr\/index.php\/metier\/\",\"url\":\"http:\/\/ifas-academique-lyon.fr\/index.php\/metier\/\",\"name\":\"Le m\u00e9tier d'aide soignant - IFAS\",\"isPartOf\":{\"@id\":\"http:\/\/ifas-academique-lyon.fr\/#website\"},\"datePublished\":\"2023-06-15T09:28:06+00:00\",\"dateModified\":\"2023-11-07T11:01:47+00:00\",\"breadcrumb\":{\"@id\":\"http:\/\/ifas-academique-lyon.fr\/index.php\/metier\/#breadcrumb\"},\"inLanguage\":\"fr-FR\",\"potentialAction\":[{\"@type\":\"ReadAction\",\"target\":[\"http:\/\/ifas-academique-lyon.fr\/index.php\/metier\/\"]}]},{\"@type\":\"BreadcrumbList\",\"@id\":\"http:\/\/ifas-academique-lyon.fr\/index.php\/metier\/#breadcrumb\",\"itemListElement\":[{\"@type\":\"ListItem\",\"position\":1,\"name\":\"Accueil\",\"item\":\"http:\/\/ifas-academique-lyon.fr\/\"},{\"@type\":\"ListItem\",\"position\":2,\"name\":\"Le m\u00e9tier d&rsquo;aide soignant\"}]},{\"@type\":\"WebSite\",\"@id\":\"http:\/\/ifas-academique-lyon.fr\/#website\",\"url\":\"http:\/\/ifas-academique-lyon.fr\/\",\"name\":\"http:\/\/ifas-academique-lyon.fr\",\"description\":\"IFAS Acad\u00e9mique lyon\",\"publisher\":{\"@id\":\"http:\/\/ifas-academique-lyon.fr\/#organization\"},\"potentialAction\":[{\"@type\":\"SearchAction\",\"target\":{\"@type\":\"EntryPoint\",\"urlTemplate\":\"http:\/\/ifas-academique-lyon.fr\/?s={search_term_string}\"},\"query-input\":\"required name=search_term_string\"}],\"inLanguage\":\"fr-FR\"},{\"@type\":\"Organization\",\"@id\":\"http:\/\/ifas-academique-lyon.fr\/#organization\",\"name\":\"IFAS\",\"url\":\"http:\/\/ifas-academique-lyon.fr\/\",\"logo\":{\"@type\":\"ImageObject\",\"inLanguage\":\"fr-FR\",\"@id\":\"http:\/\/ifas-academique-lyon.fr\/#\/schema\/logo\/image\/\",\"url\":\"http:\/\/ifas-academique-lyon.fr\/wp-content\/uploads\/2023\/05\/logo.jpg\",\"contentUrl\":\"http:\/\/ifas-academique-lyon.fr\/wp-content\/uploads\/2023\/05\/logo.jpg\",\"width\":166,\"height\":184,\"caption\":\"IFAS\"},\"image\":{\"@id\":\"http:\/\/ifas-academique-lyon.fr\/#\/schema\/logo\/image\/\"}}]}<\/script>\n<!-- \/ Yoast SEO plugin. -->","yoast_head_json":{"title":"Le m\u00e9tier d'aide soignant - IFAS","robots":{"index":"index","follow":"follow","max-snippet":"max-snippet:-1","max-image-preview":"max-image-preview:large","max-video-preview":"max-video-preview:-1"},"canonical":"http:\/\/ifas-academique-lyon.fr\/index.php\/metier\/","og_locale":"fr_FR","og_type":"article","og_title":"Le m\u00e9tier d'aide soignant - IFAS","og_description":"Le m\u00e9tier d'aide-soignant\u00ab L\u2019aide-soignant exerce sous la responsabilit\u00e9 de l\u2019infirmier dipl\u00f4m\u00e9 d\u2019Etat dans le cadre de l\u2019article R. 4311-4 du code de la sant\u00e9 publique. L\u2019aide-soignant accompagne et r\u00e9alise des soins essentiels de la vie quotidienne, adapt\u00e9s \u00e0 l\u2019\u00e9volution de l\u2019\u00e9tat clinique et visant \u00e0 identifier les situations \u00e0 risque. Son r\u00f4le s\u2019inscrit dans une [&hellip;]","og_url":"http:\/\/ifas-academique-lyon.fr\/index.php\/metier\/","og_site_name":"IFAS","article_modified_time":"2023-11-07T11:01:47+00:00","twitter_card":"summary_large_image","schema":{"@context":"https:\/\/schema.org","@graph":[{"@type":"WebPage","@id":"http:\/\/ifas-academique-lyon.fr\/index.php\/metier\/","url":"http:\/\/ifas-academique-lyon.fr\/index.php\/metier\/","name":"Le m\u00e9tier d'aide soignant - IFAS","isPartOf":{"@id":"http:\/\/ifas-academique-lyon.fr\/#website"},"datePublished":"2023-06-15T09:28:06+00:00","dateModified":"2023-11-07T11:01:47+00:00","breadcrumb":{"@id":"http:\/\/ifas-academique-lyon.fr\/index.php\/metier\/#breadcrumb"},"inLanguage":"fr-FR","potentialAction":[{"@type":"ReadAction","target":["http:\/\/ifas-academique-lyon.fr\/index.php\/metier\/"]}]},{"@type":"BreadcrumbList","@id":"http:\/\/ifas-academique-lyon.fr\/index.php\/metier\/#breadcrumb","itemListElement":[{"@type":"ListItem","position":1,"name":"Accueil","item":"http:\/\/ifas-academique-lyon.fr\/"},{"@type":"ListItem","position":2,"name":"Le m\u00e9tier d&rsquo;aide soignant"}]},{"@type":"WebSite","@id":"http:\/\/ifas-academique-lyon.fr\/#website","url":"http:\/\/ifas-academique-lyon.fr\/","name":"http:\/\/ifas-academique-lyon.fr","description":"IFAS Acad\u00e9mique lyon","publisher":{"@id":"http:\/\/ifas-academique-lyon.fr\/#organization"},"potentialAction":[{"@type":"SearchAction","target":{"@type":"EntryPoint","urlTemplate":"http:\/\/ifas-academique-lyon.fr\/?s={search_term_string}"},"query-input":"required name=search_term_string"}],"inLanguage":"fr-FR"},{"@type":"Organization","@id":"http:\/\/ifas-academique-lyon.fr\/#organization","name":"IFAS","url":"http:\/\/ifas-academique-lyon.fr\/","logo":{"@type":"ImageObject","inLanguage":"fr-FR","@id":"http:\/\/ifas-academique-lyon.fr\/#\/schema\/logo\/image\/","url":"http:\/\/ifas-academique-lyon.fr\/wp-content\/uploads\/2023\/05\/logo.jpg","contentUrl":"http:\/\/ifas-academique-lyon.fr\/wp-content\/uploads\/2023\/05\/logo.jpg","width":166,"height":184,"caption":"IFAS"},"image":{"@id":"http:\/\/ifas-academique-lyon.fr\/#\/schema\/logo\/image\/"}}]}},"_links":{"self":[{"href":"http:\/\/ifas-academique-lyon.fr\/index.php\/wp-json\/wp\/v2\/pages\/222","targetHints":{"allow":["GET"]}}],"collection":[{"href":"http:\/\/ifas-academique-lyon.fr\/index.php\/wp-json\/wp\/v2\/pages"}],"about":[{"href":"http:\/\/ifas-academique-lyon.fr\/index.php\/wp-json\/wp\/v2\/types\/page"}],"author":[{"embeddable":true,"href":"http:\/\/ifas-academique-lyon.fr\/index.php\/wp-json\/wp\/v2\/users\/2"}],"replies":[{"embeddable":true,"href":"http:\/\/ifas-academique-lyon.fr\/index.php\/wp-json\/wp\/v2\/comments?post=222"}],"version-history":[{"count":7,"href":"http:\/\/ifas-academique-lyon.fr\/index.php\/wp-json\/wp\/v2\/pages\/222\/revisions"}],"predecessor-version":[{"id":691,"href":"http:\/\/ifas-academique-lyon.fr\/index.php\/wp-json\/wp\/v2\/pages\/222\/revisions\/691"}],"wp:attachment":[{"href":"http:\/\/ifas-academique-lyon.fr\/index.php\/wp-json\/wp\/v2\/media?parent=222"}],"curies":[{"name":"wp","href":"https:\/\/api.w.org\/{rel}","templated":true}]}}